{"id":344,"date":"2020-02-17T17:33:08","date_gmt":"2020-02-17T16:33:08","guid":{"rendered":"https:\/\/www.carsten-steenbergen.de\/?page_id=344"},"modified":"2021-06-19T20:08:56","modified_gmt":"2021-06-19T18:08:56","slug":"ueber-mich","status":"publish","type":"page","link":"https:\/\/www.carsten-steenbergen.de\/?page_id=344","title":{"rendered":"\u00dcber mich"},"content":{"rendered":"\t\t<div data-elementor-type=\"wp-page\" data-elementor-id=\"344\" class=\"elementor elementor-344\">\n\t\t\t\t\t\t<div class=\"elementor-inner\">\n\t\t\t\t<div class=\"elementor-section-wrap\">\n\t\t\t\t\t\t\t\t\t<section class=\"elementor-section elementor-top-section elementor-element elementor-element-66f186d elementor-section-boxed elementor-section-height-default elementor-section-height-default\" data-id=\"66f186d\" data-element_type=\"section\">\n\t\t\t\t\t\t<div class=\"elementor-container elementor-column-gap-default\">\n\t\t\t\t\t\t\t<div class=\"elementor-row\">\n\t\t\t\t\t<div class=\"elementor-column elementor-col-100 elementor-top-column elementor-element elementor-element-eb69b57\" data-id=\"eb69b57\" data-element_type=\"column\">\n\t\t\t<div class=\"elementor-column-wrap elementor-element-populated\">\n\t\t\t\t\t\t\t<div class=\"elementor-widget-wrap\">\n\t\t\t\t\t\t<div class=\"elementor-element elementor-element-5df473a elementor-widget-divider--separator-type-pattern elementor-widget-divider--view-line elementor-widget elementor-widget-divider\" data-id=\"5df473a\" data-element_type=\"widget\" data-widget_type=\"divider.default\">\n\t\t\t\t<div class=\"elementor-widget-container\">\n\t\t\t\t\t<div class=\"elementor-divider\" style=\"--divider-pattern-url: url(&quot;data:image\/svg+xml,%3Csvg xmlns=&#039;http:\/\/www.w3.org\/2000\/svg&#039; preserveAspectRatio=&#039;none&#039; overflow=&#039;visible&#039; height=&#039;100%&#039; viewBox=&#039;0 0 24 24&#039; fill=&#039;none&#039; stroke=&#039;black&#039; stroke-width=&#039;1&#039; stroke-linecap=&#039;square&#039; stroke-miterlimit=&#039;10&#039;%3E%3Cpath d=&#039;M0,21c3.3,0,8.3-0.9,15.7-7.1c6.6-5.4,4.4-9.3,2.4-10.3c-3.4-1.8-7.7,1.3-7.3,8.8C11.2,20,17.1,21,24,21&#039;\/%3E%3C\/svg%3E&quot;);\">\n\t\t\t<span class=\"elementor-divider-separator\">\n\t\t\t\t\t\t<\/span>\n\t\t<\/div>\n\t\t\t\t<\/div>\n\t\t\t\t<\/div>\n\t\t\t\t\t\t<\/div>\n\t\t\t\t\t<\/div>\n\t\t<\/div>\n\t\t\t\t\t\t\t\t<\/div>\n\t\t\t\t\t<\/div>\n\t\t<\/section>\n\t\t\t\t<section class=\"elementor-section elementor-top-section elementor-element elementor-element-de63033 elementor-section-boxed elementor-section-height-default elementor-section-height-default\" data-id=\"de63033\" data-element_type=\"section\">\n\t\t\t\t\t\t<div class=\"elementor-container elementor-column-gap-default\">\n\t\t\t\t\t\t\t<div class=\"elementor-row\">\n\t\t\t\t\t<div class=\"elementor-column elementor-col-100 elementor-top-column elementor-element elementor-element-78adbb9\" data-id=\"78adbb9\" data-element_type=\"column\">\n\t\t\t<div class=\"elementor-column-wrap elementor-element-populated\">\n\t\t\t\t\t\t\t<div class=\"elementor-widget-wrap\">\n\t\t\t\t\t\t<div class=\"elementor-element elementor-element-427eb9c elementor-widget elementor-widget-text-editor\" data-id=\"427eb9c\" data-element_type=\"widget\" data-widget_type=\"text-editor.default\">\n\t\t\t\t<div class=\"elementor-widget-container\">\n\t\t\t\t\t\t\t\t<div class=\"elementor-text-editor elementor-clearfix\">\n\t\t\t\t<p><span style=\"font-family: SourceSansPro, sans-serif;\">Der Roman- und Dialogbuch Autor Carsten Steenbergen schreibt \u00fcberwiegend fantastische Geschichten, egal, ob Romane, Kurzgeschichten oder H\u00f6rspiel-Skripte. <\/span><span style=\"font-family: SourceSansPro, sans-serif;\">Dabei f\u00fcgt er am liebsten Historisches und Magisches zusammen. Dar\u00fcber hinaus ist er als H\u00f6rspiel- und H\u00f6rbuchsprecher aktiv.<br \/>Nach vielen Jahren am Niederrhein lebt er nun an einem idyllischen See im S\u00fcden von Leipzig.<\/span><\/p><p><span style=\"font-family: SourceSansPro, sans-serif;\">1998 erhielt er sein Diplom als Diplom-Verwaltungswirt\/-in (FH) in D\u00fcsseldorf an der Fachhochschule f\u00fcr \u00f6ffentliche Verwaltung Nordrhein-Westfalen. Er arbeitet seitdem als Softwarebetreuer und -entwickler.<br \/>Sein erster Roman\u00a0<i>Tiefes Land<\/i>\u00a0erschien 2012 bei\u00a0Psychothriller GmbH (Verlag)\u00a0und hielt sich \u00fcber drei Wochen auf Platz 1 der Amazon-Bestenliste. Carsten Steenbergen wurde 2008, 2009 und 2010 f\u00fcr den\u00a0<i>Deutschen Phantastik Preis<\/i> nominiert, 2012 f\u00fcr den Kurd-La\u00dfwitz-Preis f\u00fcr die \u201eBeste Erz\u00e4hlung\u201c. In 2021 nominiert f\u00fcr den &#8222;Krefelder Preis f\u00fcr Fantastische Literatur&#8220; f\u00fcr seinen Roman &#8222;Im Reich des Toten K\u00f6nigs&#8220; (Longlist).<br \/>Zus\u00e4tzlich ist er Gr\u00fcndungsmitglied des <span style=\"color: #0000ff;\"><a style=\"color: #0000ff;\" title=\"Phantastik-Autoren-Netzwerk\" href=\"https:\/\/de.wikipedia.org\/wiki\/Phantastik-Autoren-Netzwerk\">Phantastik-Autoren-Netzwerk<\/a><\/span>\u00a0(PAN).<\/span><\/p><p><span style=\"color: #0000ff;\"><a class=\"external text\" style=\"color: #0000ff;\" href=\"https:\/\/portal.dnb.de\/opac.htm?method=simpleSearch&amp;query=1073272842\" rel=\"nofollow\">Literatur von und \u00fcber Carsten Steenbergen<\/a><\/span>\u00a0<span style=\"color: #0000ff;\">im Katalog der\u00a0<a style=\"color: #0000ff;\" title=\"Deutsche Nationalbibliothek\" href=\"https:\/\/de.wikipedia.org\/wiki\/Deutsche_Nationalbibliothek\">Deutschen Nationalbibliothek<\/a><\/span><\/p>\t\t\t\t\t<\/div>\n\t\t\t\t\t\t<\/div>\n\t\t\t\t<\/div>\n\t\t\t\t\t\t<\/div>\n\t\t\t\t\t<\/div>\n\t\t<\/div>\n\t\t\t\t\t\t\t\t<\/div>\n\t\t\t\t\t<\/div>\n\t\t<\/section>\n\t\t\t\t\t\t\t\t\t<\/div>\n\t\t\t<\/div>\n\t\t\t\t\t<\/div>\n\t\t","protected":false},"excerpt":{"rendered":"<p>Der Roman- und Dialogbuch Autor Carsten Steenbergen schreibt \u00fcberwiegend fantastische Geschichten, egal, ob Romane, Kurzgeschichten oder H\u00f6rspiel-Skripte. Dabei f\u00fcgt er am liebsten Historisches und Magisches zusammen. Dar\u00fcber hinaus ist er als H\u00f6rspiel- und H\u00f6rbuchsprecher aktiv.Nach vielen Jahren am Niederrhein lebt er nun an einem idyllischen See im S\u00fcden von Leipzig. 1998 erhielt er sein Diplom [&hellip;]<\/p>\n","protected":false},"author":1,"featured_media":0,"parent":0,"menu_order":0,"comment_status":"closed","ping_status":"closed","template":"elementor_header_footer","meta":[],"yoast_head":"<!-- This site is optimized with the Yoast SEO plugin v19.4 - https:\/\/yoast.com\/wordpress\/plugins\/seo\/ -->\n<title>\u00dcber mich -<\/title>\n<meta name=\"robots\" content=\"index, follow, max-snippet:-1, max-image-preview:large, max-video-preview:-1\" \/>\n<link rel=\"canonical\" href=\"https:\/\/www.carsten-steenbergen.de\/?page_id=344\" \/>\n<meta property=\"og:locale\" content=\"de_DE\" \/>\n<meta property=\"og:type\" content=\"article\" \/>\n<meta property=\"og:title\" content=\"\u00dcber mich -\" \/>\n<meta property=\"og:description\" content=\"Der Roman- und Dialogbuch Autor Carsten Steenbergen schreibt \u00fcberwiegend fantastische Geschichten, egal, ob Romane, Kurzgeschichten oder H\u00f6rspiel-Skripte. Dabei f\u00fcgt er am liebsten Historisches und Magisches zusammen. Dar\u00fcber hinaus ist er als H\u00f6rspiel- und H\u00f6rbuchsprecher aktiv.Nach vielen Jahren am Niederrhein lebt er nun an einem idyllischen See im S\u00fcden von Leipzig. 1998 erhielt er sein Diplom [&hellip;]\" \/>\n<meta property=\"og:url\" content=\"https:\/\/www.carsten-steenbergen.de\/?page_id=344\" \/>\n<meta property=\"article:modified_time\" content=\"2021-06-19T18:08:56+00:00\" \/>\n<meta name=\"twitter:card\" content=\"summary_large_image\" \/>\n<meta name=\"twitter:label1\" content=\"Gesch\u00e4tzte Lesezeit\" \/>\n\t<meta name=\"twitter:data1\" content=\"1\u00a0Minute\" \/>\n<script type=\"application\/ld+json\" class=\"yoast-schema-graph\">{\"@context\":\"https:\/\/schema.org\",\"@graph\":[{\"@type\":[\"Person\",\"Organization\"],\"@id\":\"https:\/\/www.carsten-steenbergen.de\/#\/schema\/person\/7dabb224afe6a4adade26f99153c0ba4\",\"name\":\"Carsten Steenbergen\",\"image\":{\"@type\":\"ImageObject\",\"inLanguage\":\"de\",\"@id\":\"https:\/\/www.carsten-steenbergen.de\/#\/schema\/person\/image\/\",\"url\":\"https:\/\/secure.gravatar.com\/avatar\/b2ceff05ce950464b6b32d701f8c1f97?s=96&d=mm&r=g\",\"contentUrl\":\"https:\/\/secure.gravatar.com\/avatar\/b2ceff05ce950464b6b32d701f8c1f97?s=96&d=mm&r=g\",\"caption\":\"Carsten Steenbergen\"},\"logo\":{\"@id\":\"https:\/\/www.carsten-steenbergen.de\/#\/schema\/person\/image\/\"},\"sameAs\":[\"http:\/\/www.carsten-steenbergen.de\",\"https:\/\/www.instagram.com\/carstensteenbergen\/\",\"https:\/\/de.wikipedia.org\/wiki\/Carsten_Steenbergen\"]},{\"@type\":\"WebSite\",\"@id\":\"https:\/\/www.carsten-steenbergen.de\/#website\",\"url\":\"https:\/\/www.carsten-steenbergen.de\/\",\"name\":\"Carsten Steenbergen\",\"description\":\"\",\"publisher\":{\"@id\":\"https:\/\/www.carsten-steenbergen.de\/#\/schema\/person\/7dabb224afe6a4adade26f99153c0ba4\"},\"potentialAction\":[{\"@type\":\"SearchAction\",\"target\":{\"@type\":\"EntryPoint\",\"urlTemplate\":\"https:\/\/www.carsten-steenbergen.de\/?s={search_term_string}\"},\"query-input\":\"required name=search_term_string\"}],\"inLanguage\":\"de\"},{\"@type\":\"WebPage\",\"@id\":\"https:\/\/www.carsten-steenbergen.de\/?page_id=344\",\"url\":\"https:\/\/www.carsten-steenbergen.de\/?page_id=344\",\"name\":\"\u00dcber mich -\",\"isPartOf\":{\"@id\":\"https:\/\/www.carsten-steenbergen.de\/#website\"},\"datePublished\":\"2020-02-17T16:33:08+00:00\",\"dateModified\":\"2021-06-19T18:08:56+00:00\",\"breadcrumb\":{\"@id\":\"https:\/\/www.carsten-steenbergen.de\/?page_id=344#breadcrumb\"},\"inLanguage\":\"de\",\"potentialAction\":[{\"@type\":\"ReadAction\",\"target\":[\"https:\/\/www.carsten-steenbergen.de\/?page_id=344\"]}]},{\"@type\":\"BreadcrumbList\",\"@id\":\"https:\/\/www.carsten-steenbergen.de\/?page_id=344#breadcrumb\",\"itemListElement\":[{\"@type\":\"ListItem\",\"position\":1,\"name\":\"Startseite\",\"item\":\"https:\/\/www.carsten-steenbergen.de\/\"},{\"@type\":\"ListItem\",\"position\":2,\"name\":\"\u00dcber mich\"}]}]}<\/script>\n<!-- \/ Yoast SEO plugin. -->","yoast_head_json":{"title":"\u00dcber mich -","robots":{"index":"index","follow":"follow","max-snippet":"max-snippet:-1","max-image-preview":"max-image-preview:large","max-video-preview":"max-video-preview:-1"},"canonical":"https:\/\/www.carsten-steenbergen.de\/?page_id=344","og_locale":"de_DE","og_type":"article","og_title":"\u00dcber mich -","og_description":"Der Roman- und Dialogbuch Autor Carsten Steenbergen schreibt \u00fcberwiegend fantastische Geschichten, egal, ob Romane, Kurzgeschichten oder H\u00f6rspiel-Skripte. Dabei f\u00fcgt er am liebsten Historisches und Magisches zusammen. Dar\u00fcber hinaus ist er als H\u00f6rspiel- und H\u00f6rbuchsprecher aktiv.Nach vielen Jahren am Niederrhein lebt er nun an einem idyllischen See im S\u00fcden von Leipzig. 1998 erhielt er sein Diplom [&hellip;]","og_url":"https:\/\/www.carsten-steenbergen.de\/?page_id=344","article_modified_time":"2021-06-19T18:08:56+00:00","twitter_card":"summary_large_image","twitter_misc":{"Gesch\u00e4tzte Lesezeit":"1\u00a0Minute"},"schema":{"@context":"https:\/\/schema.org","@graph":[{"@type":["Person","Organization"],"@id":"https:\/\/www.carsten-steenbergen.de\/#\/schema\/person\/7dabb224afe6a4adade26f99153c0ba4","name":"Carsten Steenbergen","image":{"@type":"ImageObject","inLanguage":"de","@id":"https:\/\/www.carsten-steenbergen.de\/#\/schema\/person\/image\/","url":"https:\/\/secure.gravatar.com\/avatar\/b2ceff05ce950464b6b32d701f8c1f97?s=96&d=mm&r=g","contentUrl":"https:\/\/secure.gravatar.com\/avatar\/b2ceff05ce950464b6b32d701f8c1f97?s=96&d=mm&r=g","caption":"Carsten Steenbergen"},"logo":{"@id":"https:\/\/www.carsten-steenbergen.de\/#\/schema\/person\/image\/"},"sameAs":["http:\/\/www.carsten-steenbergen.de","https:\/\/www.instagram.com\/carstensteenbergen\/","https:\/\/de.wikipedia.org\/wiki\/Carsten_Steenbergen"]},{"@type":"WebSite","@id":"https:\/\/www.carsten-steenbergen.de\/#website","url":"https:\/\/www.carsten-steenbergen.de\/","name":"Carsten Steenbergen","description":"","publisher":{"@id":"https:\/\/www.carsten-steenbergen.de\/#\/schema\/person\/7dabb224afe6a4adade26f99153c0ba4"},"potentialAction":[{"@type":"SearchAction","target":{"@type":"EntryPoint","urlTemplate":"https:\/\/www.carsten-steenbergen.de\/?s={search_term_string}"},"query-input":"required name=search_term_string"}],"inLanguage":"de"},{"@type":"WebPage","@id":"https:\/\/www.carsten-steenbergen.de\/?page_id=344","url":"https:\/\/www.carsten-steenbergen.de\/?page_id=344","name":"\u00dcber mich -","isPartOf":{"@id":"https:\/\/www.carsten-steenbergen.de\/#website"},"datePublished":"2020-02-17T16:33:08+00:00","dateModified":"2021-06-19T18:08:56+00:00","breadcrumb":{"@id":"https:\/\/www.carsten-steenbergen.de\/?page_id=344#breadcrumb"},"inLanguage":"de","potentialAction":[{"@type":"ReadAction","target":["https:\/\/www.carsten-steenbergen.de\/?page_id=344"]}]},{"@type":"BreadcrumbList","@id":"https:\/\/www.carsten-steenbergen.de\/?page_id=344#breadcrumb","itemListElement":[{"@type":"ListItem","position":1,"name":"Startseite","item":"https:\/\/www.carsten-steenbergen.de\/"},{"@type":"ListItem","position":2,"name":"\u00dcber mich"}]}]}},"_links":{"self":[{"href":"https:\/\/www.carsten-steenbergen.de\/index.php?rest_route=\/wp\/v2\/pages\/344"}],"collection":[{"href":"https:\/\/www.carsten-steenbergen.de\/index.php?rest_route=\/wp\/v2\/pages"}],"about":[{"href":"https:\/\/www.carsten-steenbergen.de\/index.php?rest_route=\/wp\/v2\/types\/page"}],"author":[{"embeddable":true,"href":"https:\/\/www.carsten-steenbergen.de\/index.php?rest_route=\/wp\/v2\/users\/1"}],"replies":[{"embeddable":true,"href":"https:\/\/www.carsten-steenbergen.de\/index.php?rest_route=%2Fwp%2Fv2%2Fcomments&post=344"}],"version-history":[{"count":25,"href":"https:\/\/www.carsten-steenbergen.de\/index.php?rest_route=\/wp\/v2\/pages\/344\/revisions"}],"predecessor-version":[{"id":533,"href":"https:\/\/www.carsten-steenbergen.de\/index.php?rest_route=\/wp\/v2\/pages\/344\/revisions\/533"}],"wp:attachment":[{"href":"https:\/\/www.carsten-steenbergen.de\/index.php?rest_route=%2Fwp%2Fv2%2Fmedia&parent=344"}],"curies":[{"name":"wp","href":"https:\/\/api.w.org\/{rel}","templated":true}]}}