{"id":332,"date":"2020-02-17T17:30:31","date_gmt":"2020-02-17T16:30:31","guid":{"rendered":"https:\/\/www.carsten-steenbergen.de\/?page_id=332"},"modified":"2025-09-18T22:43:56","modified_gmt":"2025-09-18T20:43:56","slug":"termine","status":"publish","type":"page","link":"https:\/\/www.carsten-steenbergen.de\/?page_id=332","title":{"rendered":"Termine"},"content":{"rendered":"\t\t<div data-elementor-type=\"wp-page\" data-elementor-id=\"332\" class=\"elementor elementor-332\">\n\t\t\t\t\t\t<div class=\"elementor-inner\">\n\t\t\t\t<div class=\"elementor-section-wrap\">\n\t\t\t\t\t\t\t\t\t<section class=\"elementor-section elementor-top-section elementor-element elementor-element-7068da15 elementor-section-boxed elementor-section-height-default elementor-section-height-default\" data-id=\"7068da15\" data-element_type=\"section\">\n\t\t\t\t\t\t<div class=\"elementor-container elementor-column-gap-default\">\n\t\t\t\t\t\t\t<div class=\"elementor-row\">\n\t\t\t\t\t<div class=\"elementor-column elementor-col-100 elementor-top-column elementor-element elementor-element-6155fb1c\" data-id=\"6155fb1c\" data-element_type=\"column\">\n\t\t\t<div class=\"elementor-column-wrap elementor-element-populated\">\n\t\t\t\t\t\t\t<div class=\"elementor-widget-wrap\">\n\t\t\t\t\t\t<div class=\"elementor-element elementor-element-75084a0 elementor-widget-divider--separator-type-pattern elementor-widget-divider--view-line elementor-widget elementor-widget-divider\" data-id=\"75084a0\" data-element_type=\"widget\" data-widget_type=\"divider.default\">\n\t\t\t\t<div class=\"elementor-widget-container\">\n\t\t\t\t\t<div class=\"elementor-divider\" style=\"--divider-pattern-url: url(&quot;data:image\/svg+xml,%3Csvg xmlns=&#039;http:\/\/www.w3.org\/2000\/svg&#039; preserveAspectRatio=&#039;none&#039; overflow=&#039;visible&#039; height=&#039;100%&#039; viewBox=&#039;0 0 24 24&#039; fill=&#039;none&#039; stroke=&#039;black&#039; stroke-width=&#039;1&#039; stroke-linecap=&#039;square&#039; stroke-miterlimit=&#039;10&#039;%3E%3Cpath d=&#039;M0,21c3.3,0,8.3-0.9,15.7-7.1c6.6-5.4,4.4-9.3,2.4-10.3c-3.4-1.8-7.7,1.3-7.3,8.8C11.2,20,17.1,21,24,21&#039;\/%3E%3C\/svg%3E&quot;);\">\n\t\t\t<span class=\"elementor-divider-separator\">\n\t\t\t\t\t\t<\/span>\n\t\t<\/div>\n\t\t\t\t<\/div>\n\t\t\t\t<\/div>\n\t\t\t\t<div class=\"elementor-element elementor-element-62d9cde elementor-drop-cap-yes elementor-drop-cap-view-default elementor-invisible elementor-widget elementor-widget-text-editor\" data-id=\"62d9cde\" data-element_type=\"widget\" data-settings=\"{&quot;drop_cap&quot;:&quot;yes&quot;,&quot;_animation&quot;:&quot;fadeIn&quot;}\" data-widget_type=\"text-editor.default\">\n\t\t\t\t<div class=\"elementor-widget-container\">\n\t\t\t\t\t\t\t\t<div class=\"elementor-text-editor elementor-clearfix\">\n\t\t\t\t<p><!-- wp:heading --><\/p>\n<hr \/>\n<h2 style=\"text-align: center;\">TERMINE<br \/><br \/><\/h2>\n<p><!-- \/wp:heading --><!-- wp:paragraph --><\/p>\n<p><!-- \/wp:paragraph --><!-- wp:list --><\/p>\n<ul>\n<li><b>27.03.2025<\/b> &#8211; Lesung &#8222;7 Tods\u00fcnden&#8220;, C\u00e1o Bar Leipzig, Dresdner Str. 51, Leipzig, 20:30 Uhr<br \/><br \/><\/li>\n<li><strong>30.03.2025<\/strong> &#8211; LitPack Roleplay, Fantasy Leseinsel 1, Buchmesse Leipzig<br \/><br \/><\/li>\n<li><strong>17.05.2025<\/strong> &#8211; H\u00f6rspiel Con, Nidderau<br \/><br \/><\/li>\n<li><span style=\"font-weight: bold;\">13.06.-15.06.2025<\/span> &#8211; LitPack Roleplay, NordCon, Hamburg<br \/><br \/><\/li>\n<li><strong>01.08.-02.08.2025<\/strong> &#8211; PAN Jubil\u00e4um, Burg Linn, Krefeld<br \/><br \/><\/li>\n<li><strong>04.09.2025<\/strong> &#8211; Lesung zum Buchsommer in der Stadtbibliothek Burgst\u00e4dt<br \/><br \/><\/li>\n<li><span style=\"font-weight: bold;\">25.10.2025<\/span> &#8211; LitPack auf der Spiel in Essen<br \/><br \/><\/li>\n<li><b>weitere Termine in Planung<\/b><\/li>\n<\/ul>\n<p><!-- \/wp:list --><\/p>\t\t\t\t\t<\/div>\n\t\t\t\t\t\t<\/div>\n\t\t\t\t<\/div>\n\t\t\t\t\t\t<\/div>\n\t\t\t\t\t<\/div>\n\t\t<\/div>\n\t\t\t\t\t\t\t\t<\/div>\n\t\t\t\t\t<\/div>\n\t\t<\/section>\n\t\t\t\t\t\t\t\t\t<\/div>\n\t\t\t<\/div>\n\t\t\t\t\t<\/div>\n\t\t","protected":false},"excerpt":{"rendered":"<p>TERMINE 27.03.2025 &#8211; Lesung &#8222;7 Tods\u00fcnden&#8220;, C\u00e1o Bar Leipzig, Dresdner Str. 51, Leipzig, 20:30 Uhr 30.03.2025 &#8211; LitPack Roleplay, Fantasy Leseinsel 1, Buchmesse Leipzig 17.05.2025 &#8211; H\u00f6rspiel Con, Nidderau 13.06.-15.06.2025 &#8211; LitPack Roleplay, NordCon, Hamburg 01.08.-02.08.2025 &#8211; PAN Jubil\u00e4um, Burg Linn, Krefeld 04.09.2025 &#8211; Lesung zum Buchsommer in der Stadtbibliothek Burgst\u00e4dt 25.10.2025 &#8211; LitPack auf [&hellip;]<\/p>\n","protected":false},"author":1,"featured_media":0,"parent":0,"menu_order":0,"comment_status":"closed","ping_status":"closed","template":"elementor_header_footer","meta":[],"yoast_head":"<!-- This site is optimized with the Yoast SEO plugin v19.4 - https:\/\/yoast.com\/wordpress\/plugins\/seo\/ -->\n<title>Termine -<\/title>\n<meta name=\"robots\" content=\"index, follow, max-snippet:-1, max-image-preview:large, max-video-preview:-1\" \/>\n<link rel=\"canonical\" href=\"https:\/\/www.carsten-steenbergen.de\/?page_id=332\" \/>\n<meta property=\"og:locale\" content=\"de_DE\" \/>\n<meta property=\"og:type\" content=\"article\" \/>\n<meta property=\"og:title\" content=\"Termine -\" \/>\n<meta property=\"og:description\" content=\"TERMINE 27.03.2025 &#8211; Lesung &#8222;7 Tods\u00fcnden&#8220;, C\u00e1o Bar Leipzig, Dresdner Str. 51, Leipzig, 20:30 Uhr 30.03.2025 &#8211; LitPack Roleplay, Fantasy Leseinsel 1, Buchmesse Leipzig 17.05.2025 &#8211; H\u00f6rspiel Con, Nidderau 13.06.-15.06.2025 &#8211; LitPack Roleplay, NordCon, Hamburg 01.08.-02.08.2025 &#8211; PAN Jubil\u00e4um, Burg Linn, Krefeld 04.09.2025 &#8211; Lesung zum Buchsommer in der Stadtbibliothek Burgst\u00e4dt 25.10.2025 &#8211; LitPack auf [&hellip;]\" \/>\n<meta property=\"og:url\" content=\"https:\/\/www.carsten-steenbergen.de\/?page_id=332\" \/>\n<meta property=\"article:modified_time\" content=\"2025-09-18T20:43:56+00:00\" \/>\n<meta name=\"twitter:card\" content=\"summary_large_image\" \/>\n<meta name=\"twitter:label1\" content=\"Gesch\u00e4tzte Lesezeit\" \/>\n\t<meta name=\"twitter:data1\" content=\"1\u00a0Minute\" \/>\n<script type=\"application\/ld+json\" class=\"yoast-schema-graph\">{\"@context\":\"https:\/\/schema.org\",\"@graph\":[{\"@type\":[\"Person\",\"Organization\"],\"@id\":\"https:\/\/www.carsten-steenbergen.de\/#\/schema\/person\/7dabb224afe6a4adade26f99153c0ba4\",\"name\":\"Carsten Steenbergen\",\"image\":{\"@type\":\"ImageObject\",\"inLanguage\":\"de\",\"@id\":\"https:\/\/www.carsten-steenbergen.de\/#\/schema\/person\/image\/\",\"url\":\"https:\/\/secure.gravatar.com\/avatar\/b2ceff05ce950464b6b32d701f8c1f97?s=96&d=mm&r=g\",\"contentUrl\":\"https:\/\/secure.gravatar.com\/avatar\/b2ceff05ce950464b6b32d701f8c1f97?s=96&d=mm&r=g\",\"caption\":\"Carsten Steenbergen\"},\"logo\":{\"@id\":\"https:\/\/www.carsten-steenbergen.de\/#\/schema\/person\/image\/\"},\"sameAs\":[\"http:\/\/www.carsten-steenbergen.de\",\"https:\/\/www.instagram.com\/carstensteenbergen\/\",\"https:\/\/de.wikipedia.org\/wiki\/Carsten_Steenbergen\"]},{\"@type\":\"WebSite\",\"@id\":\"https:\/\/www.carsten-steenbergen.de\/#website\",\"url\":\"https:\/\/www.carsten-steenbergen.de\/\",\"name\":\"Carsten Steenbergen\",\"description\":\"\",\"publisher\":{\"@id\":\"https:\/\/www.carsten-steenbergen.de\/#\/schema\/person\/7dabb224afe6a4adade26f99153c0ba4\"},\"potentialAction\":[{\"@type\":\"SearchAction\",\"target\":{\"@type\":\"EntryPoint\",\"urlTemplate\":\"https:\/\/www.carsten-steenbergen.de\/?s={search_term_string}\"},\"query-input\":\"required name=search_term_string\"}],\"inLanguage\":\"de\"},{\"@type\":\"WebPage\",\"@id\":\"https:\/\/www.carsten-steenbergen.de\/?page_id=332\",\"url\":\"https:\/\/www.carsten-steenbergen.de\/?page_id=332\",\"name\":\"Termine -\",\"isPartOf\":{\"@id\":\"https:\/\/www.carsten-steenbergen.de\/#website\"},\"datePublished\":\"2020-02-17T16:30:31+00:00\",\"dateModified\":\"2025-09-18T20:43:56+00:00\",\"breadcrumb\":{\"@id\":\"https:\/\/www.carsten-steenbergen.de\/?page_id=332#breadcrumb\"},\"inLanguage\":\"de\",\"potentialAction\":[{\"@type\":\"ReadAction\",\"target\":[\"https:\/\/www.carsten-steenbergen.de\/?page_id=332\"]}]},{\"@type\":\"BreadcrumbList\",\"@id\":\"https:\/\/www.carsten-steenbergen.de\/?page_id=332#breadcrumb\",\"itemListElement\":[{\"@type\":\"ListItem\",\"position\":1,\"name\":\"Startseite\",\"item\":\"https:\/\/www.carsten-steenbergen.de\/\"},{\"@type\":\"ListItem\",\"position\":2,\"name\":\"Termine\"}]}]}<\/script>\n<!-- \/ Yoast SEO plugin. -->","yoast_head_json":{"title":"Termine -","robots":{"index":"index","follow":"follow","max-snippet":"max-snippet:-1","max-image-preview":"max-image-preview:large","max-video-preview":"max-video-preview:-1"},"canonical":"https:\/\/www.carsten-steenbergen.de\/?page_id=332","og_locale":"de_DE","og_type":"article","og_title":"Termine -","og_description":"TERMINE 27.03.2025 &#8211; Lesung &#8222;7 Tods\u00fcnden&#8220;, C\u00e1o Bar Leipzig, Dresdner Str. 51, Leipzig, 20:30 Uhr 30.03.2025 &#8211; LitPack Roleplay, Fantasy Leseinsel 1, Buchmesse Leipzig 17.05.2025 &#8211; H\u00f6rspiel Con, Nidderau 13.06.-15.06.2025 &#8211; LitPack Roleplay, NordCon, Hamburg 01.08.-02.08.2025 &#8211; PAN Jubil\u00e4um, Burg Linn, Krefeld 04.09.2025 &#8211; Lesung zum Buchsommer in der Stadtbibliothek Burgst\u00e4dt 25.10.2025 &#8211; LitPack auf [&hellip;]","og_url":"https:\/\/www.carsten-steenbergen.de\/?page_id=332","article_modified_time":"2025-09-18T20:43:56+00:00","twitter_card":"summary_large_image","twitter_misc":{"Gesch\u00e4tzte Lesezeit":"1\u00a0Minute"},"schema":{"@context":"https:\/\/schema.org","@graph":[{"@type":["Person","Organization"],"@id":"https:\/\/www.carsten-steenbergen.de\/#\/schema\/person\/7dabb224afe6a4adade26f99153c0ba4","name":"Carsten Steenbergen","image":{"@type":"ImageObject","inLanguage":"de","@id":"https:\/\/www.carsten-steenbergen.de\/#\/schema\/person\/image\/","url":"https:\/\/secure.gravatar.com\/avatar\/b2ceff05ce950464b6b32d701f8c1f97?s=96&d=mm&r=g","contentUrl":"https:\/\/secure.gravatar.com\/avatar\/b2ceff05ce950464b6b32d701f8c1f97?s=96&d=mm&r=g","caption":"Carsten Steenbergen"},"logo":{"@id":"https:\/\/www.carsten-steenbergen.de\/#\/schema\/person\/image\/"},"sameAs":["http:\/\/www.carsten-steenbergen.de","https:\/\/www.instagram.com\/carstensteenbergen\/","https:\/\/de.wikipedia.org\/wiki\/Carsten_Steenbergen"]},{"@type":"WebSite","@id":"https:\/\/www.carsten-steenbergen.de\/#website","url":"https:\/\/www.carsten-steenbergen.de\/","name":"Carsten Steenbergen","description":"","publisher":{"@id":"https:\/\/www.carsten-steenbergen.de\/#\/schema\/person\/7dabb224afe6a4adade26f99153c0ba4"},"potentialAction":[{"@type":"SearchAction","target":{"@type":"EntryPoint","urlTemplate":"https:\/\/www.carsten-steenbergen.de\/?s={search_term_string}"},"query-input":"required name=search_term_string"}],"inLanguage":"de"},{"@type":"WebPage","@id":"https:\/\/www.carsten-steenbergen.de\/?page_id=332","url":"https:\/\/www.carsten-steenbergen.de\/?page_id=332","name":"Termine -","isPartOf":{"@id":"https:\/\/www.carsten-steenbergen.de\/#website"},"datePublished":"2020-02-17T16:30:31+00:00","dateModified":"2025-09-18T20:43:56+00:00","breadcrumb":{"@id":"https:\/\/www.carsten-steenbergen.de\/?page_id=332#breadcrumb"},"inLanguage":"de","potentialAction":[{"@type":"ReadAction","target":["https:\/\/www.carsten-steenbergen.de\/?page_id=332"]}]},{"@type":"BreadcrumbList","@id":"https:\/\/www.carsten-steenbergen.de\/?page_id=332#breadcrumb","itemListElement":[{"@type":"ListItem","position":1,"name":"Startseite","item":"https:\/\/www.carsten-steenbergen.de\/"},{"@type":"ListItem","position":2,"name":"Termine"}]}]}},"_links":{"self":[{"href":"https:\/\/www.carsten-steenbergen.de\/index.php?rest_route=\/wp\/v2\/pages\/332"}],"collection":[{"href":"https:\/\/www.carsten-steenbergen.de\/index.php?rest_route=\/wp\/v2\/pages"}],"about":[{"href":"https:\/\/www.carsten-steenbergen.de\/index.php?rest_route=\/wp\/v2\/types\/page"}],"author":[{"embeddable":true,"href":"https:\/\/www.carsten-steenbergen.de\/index.php?rest_route=\/wp\/v2\/users\/1"}],"replies":[{"embeddable":true,"href":"https:\/\/www.carsten-steenbergen.de\/index.php?rest_route=%2Fwp%2Fv2%2Fcomments&post=332"}],"version-history":[{"count":27,"href":"https:\/\/www.carsten-steenbergen.de\/index.php?rest_route=\/wp\/v2\/pages\/332\/revisions"}],"predecessor-version":[{"id":654,"href":"https:\/\/www.carsten-steenbergen.de\/index.php?rest_route=\/wp\/v2\/pages\/332\/revisions\/654"}],"wp:attachment":[{"href":"https:\/\/www.carsten-steenbergen.de\/index.php?rest_route=%2Fwp%2Fv2%2Fmedia&parent=332"}],"curies":[{"name":"wp","href":"https:\/\/api.w.org\/{rel}","templated":true}]}}